{"id":1512,"date":"2025-10-08T10:23:55","date_gmt":"2025-10-08T08:23:55","guid":{"rendered":"https:\/\/bestfit.md\/?post_type=product&#038;p=1512"},"modified":"2025-10-08T10:27:07","modified_gmt":"2025-10-08T08:27:07","slug":"proteina-din-lapte-yougurt-vanilla-40-g-fara-lactoza","status":"publish","type":"product","link":"https:\/\/bestfit.md\/ru\/\u043f\u0440\u043e\u0434\u0443\u043a\u0442\/proteina-din-lapte-yougurt-vanilla-40-g-fara-lactoza\/","title":{"rendered":"\u041c\u043e\u043b\u043e\u0447\u043d\u044b\u0439 \u043f\u0440\u043e\u0442\u0435\u0438\u043d Yogurt Vanilla, 40 \u0433\u0440, \u0431\u0435\u0437 \u043b\u0430\u043a\u0442\u043e\u0437\u044b"},"content":{"rendered":"<div><strong>\u0418\u043d\u0433\u0440\u0435\u0434\u0438\u0435\u043d\u0442\u044b:<\/strong> \u043c\u043e\u043b\u043e\u0447\u043d\u044b\u0439 \u043f\u0440\u043e\u0442\u0435\u0438\u043d, \u0441\u0443\u0445\u0430\u044f \u043f\u0430\u0437\u0442\u0430, \u043d\u0430\u0442\u0443\u0440\u0430\u043b\u044c\u043d\u044b\u0435 \u0430\u0440\u043e\u043c\u0430\u0442\u0438\u0437\u0430\u0442\u043e\u0440\u044b &#8212; \u0439\u043e\u0433\u0443\u0440\u0442, \u0432\u0430\u043d\u0438\u043b\u0438\u043d,, \u044d\u043c\u0443\u043b\u044c\u0433\u0430\u0442\u043e\u0440-\u043b\u0435\u0446\u0438\u0442\u0438\u043d, \u0440\u0430\u0441\u0442\u0438\u0442\u0435\u043b\u044c\u043d\u043e\u0435 \u043c\u0430\u0441\u043b\u043e, \u043c\u0430\u0433\u043d\u0438\u0439, \u043b\u0430\u043a\u0442\u0430\u0437\u0430, \u0432\u0438\u0442\u0430\u043c\u0438\u043d \u0415, \u043f\u0438\u0440\u0438\u0434\u043e\u043a\u0441\u0438\u043d (\u0432\u0438\u0442\u0430\u043c\u0438\u043d \u04126), \u0444\u043e\u043b\u0438\u0435\u0432\u0430\u044f \u043a\u0438\u0441\u043b\u043e\u0442\u0430, \u0432\u0438\u0442\u0430\u043c\u0438\u043d D.<\/div>\n<div><\/div>\n<div>\u0425\u0440\u0430\u043d\u0438\u0442\u044c \u043f\u0440\u0438 \u0442\u0435\u043c\u043f\u0435\u0440\u0430\u0442\u0443\u0440\u0435 \u043d\u0435 \u0432\u044b\u0448\u0435 25 \u00b0C \u0438 \u043e\u0442\u043d\u043e\u0441\u0438\u0442\u0435\u043b\u044c\u043d\u043e\u0439 \u0432\u043b\u0430\u0436\u043d\u043e\u0441\u0442\u0438 \u0432\u043e\u0437\u0434\u0443\u0445\u0430 \u043d\u0435 \u0431\u043e\u043b\u0435\u0435 75 %, \u0432 \u043c\u0435\u0441\u0442\u0430\u0445, \u0437\u0430\u0449\u0438\u0449\u0435\u043d\u043d\u044b\u0445 \u043e\u0442 \u0432\u043b\u0430\u0433\u0438 \u0438 \u043f\u0440\u044f\u043c\u044b\u0445 \u0441\u043e\u043b\u043d\u0435\u0447\u043d\u044b\u0445 \u043b\u0443\u0447\u0435\u0439.<\/div>\n<div><\/div>\n<div>\u0421\u0440\u043e\u043a \u0433\u043e\u0434\u043d\u043e\u0441\u0442\u0438: <strong>12 \u043c\u0435\u0441\u044f\u0446\u0435\u0432<\/strong><\/div>\n<div><\/div>\n<div>\u0412\u0435\u0441 \u043d\u0435\u0442\u0442\u043e: <strong>40 \u0433\u00a0\u00a0<\/strong><\/div>\n","protected":false},"excerpt":{"rendered":"<p>Conceput special pentru a satisface nevoile organismului uman \u00een substan\u021be nutritive. Cu un con\u021binut ridicat de proteine lactice, inclusiv fosfolipide, vitamine \u0219i minerale, aceast produs,\u00a0 contribuie la men\u021binerea s\u0103n\u0103t\u0103\u021bii organismului \u0219i are o gam\u0103 larg\u0103 de utilizare, de exemplu, \u00een b\u0103uturi nutritive \u0219i snacks-uri.<\/p>\n","protected":false},"featured_media":1504,"comment_status":"open","ping_status":"closed","template":"","meta":[],"product_brand":[],"product_cat":[180],"product_tag":[123],"class_list":{"0":"post-1512","1":"product","2":"type-product","3":"status-publish","4":"has-post-thumbnail","6":"product_cat-180","7":"product_tag-clean-label-ru","9":"first","10":"instock","11":"shipping-taxable","12":"purchasable","13":"product-type-simple"},"_links":{"self":[{"href":"https:\/\/bestfit.md\/ru\/wp-json\/wp\/v2\/product\/1512","targetHints":{"allow":["GET"]}}],"collection":[{"href":"https:\/\/bestfit.md\/ru\/wp-json\/wp\/v2\/product"}],"about":[{"href":"https:\/\/bestfit.md\/ru\/wp-json\/wp\/v2\/types\/product"}],"replies":[{"embeddable":true,"href":"https:\/\/bestfit.md\/ru\/wp-json\/wp\/v2\/comments?post=1512"}],"wp:featuredmedia":[{"embeddable":true,"href":"https:\/\/bestfit.md\/ru\/wp-json\/wp\/v2\/media\/1504"}],"wp:attachment":[{"href":"https:\/\/bestfit.md\/ru\/wp-json\/wp\/v2\/media?parent=1512"}],"wp:term":[{"taxonomy":"product_brand","embeddable":true,"href":"https:\/\/bestfit.md\/ru\/wp-json\/wp\/v2\/product_brand?post=1512"},{"taxonomy":"product_cat","embeddable":true,"href":"https:\/\/bestfit.md\/ru\/wp-json\/wp\/v2\/product_cat?post=1512"},{"taxonomy":"product_tag","embeddable":true,"href":"https:\/\/bestfit.md\/ru\/wp-json\/wp\/v2\/product_tag?post=1512"}],"curies":[{"name":"wp","href":"https:\/\/api.w.org\/{rel}","templated":true}]}}